{"id":826,"date":"2020-09-20T15:19:39","date_gmt":"2020-09-20T13:19:39","guid":{"rendered":"http:\/\/vrlaw.nl.greenhostpreview.nl\/?page_id=826"},"modified":"2025-02-07T16:18:24","modified_gmt":"2025-02-07T15:18:24","slug":"honorar","status":"publish","type":"page","link":"https:\/\/vrlaw.nl\/de\/honorar\/","title":{"rendered":"Honorar"},"content":{"rendered":"\n<p>Unser Honorar ist wie folgt gestaltet:<\/p>\n\n\n\n<p>Bei Rechtssachen mit einem Streit bis 75.000,- \u20ac \u00a0gilt ein Stundensatz von \u20ac 275,&#8211;.<\/p>\n\n\n\n<p>Neben dem Verg\u00fctungsbestandteil wird ein Zuschlag in H\u00f6he von 5 % f\u00fcr Kanzleikosten sowie zahlbare USt und Vorauszahlungen in Rechnung gestellt.<\/p>\n\n\n\n<p>Selbstverst\u00e4ndlich besteht die M\u00f6glichkeit einer Erm\u00e4\u00dfigung, wenn die Kosten in keinem angemessenen Verh\u00e4ltnis zum Gegenstandswert einer Rechtssache stehen.<\/p>\n\n\n\n<p>USt-IdNr.:<\/p>\n\n\n\n<p>NL800639042.B01<\/p>\n","protected":false},"excerpt":{"rendered":"<p>Unser Honorar ist wie folgt gestaltet: Bei Rechtssachen mit einem Streit bis 75.000,- \u20ac \u00a0gilt ein Stundensatz von \u20ac 275,&#8211;. Neben dem Verg\u00fctungsbestandteil wird ein Zuschlag in H\u00f6he von 5 % f\u00fcr Kanzleikosten sowie zahlbare USt und Vorauszahlungen in Rechnung gestellt. Selbstverst\u00e4ndlich besteht die M\u00f6glichkeit einer Erm\u00e4\u00dfigung, wenn die Kosten in keinem angemessenen Verh\u00e4ltnis zum &hellip;<\/p>\n","protected":false},"author":1,"featured_media":0,"parent":0,"menu_order":0,"comment_status":"closed","ping_status":"closed","template":"","meta":{"_acf_changed":false,"_genesis_hide_title":false,"_genesis_hide_breadcrumbs":false,"_genesis_hide_singular_image":false,"_genesis_hide_footer_widgets":false,"_genesis_custom_body_class":"","_genesis_custom_post_class":"","_genesis_layout":"","footnotes":""},"class_list":{"1":"page","2":"type-page","5":"entry"},"yoast_head":"<!-- This site is optimized with the Yoast SEO plugin v27.1.1 - https:\/\/yoast.com\/product\/yoast-seo-wordpress\/ -->\n<title>Honorar - Van Rossenberg Advocatuur<\/title>\n<meta name=\"robots\" content=\"index, follow, max-snippet:-1, max-image-preview:large, max-video-preview:-1\" \/>\n<link rel=\"canonical\" href=\"https:\/\/vrlaw.nl\/de\/honorar\/\" \/>\n<meta property=\"og:locale\" content=\"de_DE\" \/>\n<meta property=\"og:type\" content=\"article\" \/>\n<meta property=\"og:title\" content=\"Honorar - Van Rossenberg Advocatuur\" \/>\n<meta property=\"og:description\" content=\"Unser Honorar ist wie folgt gestaltet: Bei Rechtssachen mit einem Streit bis 75.000,- \u20ac \u00a0gilt ein Stundensatz von \u20ac 275,&#8211;. Neben dem Verg\u00fctungsbestandteil wird ein Zuschlag in H\u00f6he von 5 % f\u00fcr Kanzleikosten sowie zahlbare USt und Vorauszahlungen in Rechnung gestellt. Selbstverst\u00e4ndlich besteht die M\u00f6glichkeit einer Erm\u00e4\u00dfigung, wenn die Kosten in keinem angemessenen Verh\u00e4ltnis zum &hellip;\" \/>\n<meta property=\"og:url\" content=\"https:\/\/vrlaw.nl\/de\/honorar\/\" \/>\n<meta property=\"og:site_name\" content=\"Van Rossenberg Advocatuur\" \/>\n<meta property=\"article:modified_time\" content=\"2025-02-07T15:18:24+00:00\" \/>\n<meta name=\"twitter:card\" content=\"summary_large_image\" \/>\n<meta name=\"twitter:label1\" content=\"Gesch\u00e4tzte Lesezeit\" \/>\n\t<meta name=\"twitter:data1\" content=\"1\u00a0Minute\" \/>\n<script type=\"application\/ld+json\" class=\"yoast-schema-graph\">{\"@context\":\"https:\/\/schema.org\",\"@graph\":[{\"@type\":\"WebPage\",\"@id\":\"https:\/\/vrlaw.nl\/de\/honorar\/\",\"url\":\"https:\/\/vrlaw.nl\/de\/honorar\/\",\"name\":\"Honorar - Van Rossenberg Advocatuur\",\"isPartOf\":{\"@id\":\"https:\/\/vrlaw.nl\/de\/#website\"},\"datePublished\":\"2020-09-20T13:19:39+00:00\",\"dateModified\":\"2025-02-07T15:18:24+00:00\",\"breadcrumb\":{\"@id\":\"https:\/\/vrlaw.nl\/de\/honorar\/#breadcrumb\"},\"inLanguage\":\"de\",\"potentialAction\":[{\"@type\":\"ReadAction\",\"target\":[\"https:\/\/vrlaw.nl\/de\/honorar\/\"]}]},{\"@type\":\"BreadcrumbList\",\"@id\":\"https:\/\/vrlaw.nl\/de\/honorar\/#breadcrumb\",\"itemListElement\":[{\"@type\":\"ListItem\",\"position\":1,\"name\":\"Home\",\"item\":\"https:\/\/vrlaw.nl\/de\/\"},{\"@type\":\"ListItem\",\"position\":2,\"name\":\"Honorar\"}]},{\"@type\":\"WebSite\",\"@id\":\"https:\/\/vrlaw.nl\/de\/#website\",\"url\":\"https:\/\/vrlaw.nl\/de\/\",\"name\":\"Lumaya\",\"description\":\"\",\"publisher\":{\"@id\":\"https:\/\/vrlaw.nl\/de\/#organization\"},\"potentialAction\":[{\"@type\":\"SearchAction\",\"target\":{\"@type\":\"EntryPoint\",\"urlTemplate\":\"https:\/\/vrlaw.nl\/de\/?s={search_term_string}\"},\"query-input\":{\"@type\":\"PropertyValueSpecification\",\"valueRequired\":true,\"valueName\":\"search_term_string\"}}],\"inLanguage\":\"de\"},{\"@type\":\"Organization\",\"@id\":\"https:\/\/vrlaw.nl\/de\/#organization\",\"name\":\"Lumaya\",\"url\":\"https:\/\/vrlaw.nl\/de\/\",\"logo\":{\"@type\":\"ImageObject\",\"inLanguage\":\"de\",\"@id\":\"https:\/\/vrlaw.nl\/de\/#\/schema\/logo\/image\/\",\"url\":\"https:\/\/vrlaw.nl\/wp-content\/uploads\/2023\/01\/Logo-Van-Rossenberg.png\",\"contentUrl\":\"https:\/\/vrlaw.nl\/wp-content\/uploads\/2023\/01\/Logo-Van-Rossenberg.png\",\"width\":200,\"height\":74,\"caption\":\"Lumaya\"},\"image\":{\"@id\":\"https:\/\/vrlaw.nl\/de\/#\/schema\/logo\/image\/\"}}]}<\/script>\n<!-- \/ Yoast SEO plugin. -->","yoast_head_json":{"title":"Honorar - Van Rossenberg Advocatuur","robots":{"index":"index","follow":"follow","max-snippet":"max-snippet:-1","max-image-preview":"max-image-preview:large","max-video-preview":"max-video-preview:-1"},"canonical":"https:\/\/vrlaw.nl\/de\/honorar\/","og_locale":"de_DE","og_type":"article","og_title":"Honorar - Van Rossenberg Advocatuur","og_description":"Unser Honorar ist wie folgt gestaltet: Bei Rechtssachen mit einem Streit bis 75.000,- \u20ac \u00a0gilt ein Stundensatz von \u20ac 275,&#8211;. Neben dem Verg\u00fctungsbestandteil wird ein Zuschlag in H\u00f6he von 5 % f\u00fcr Kanzleikosten sowie zahlbare USt und Vorauszahlungen in Rechnung gestellt. Selbstverst\u00e4ndlich besteht die M\u00f6glichkeit einer Erm\u00e4\u00dfigung, wenn die Kosten in keinem angemessenen Verh\u00e4ltnis zum &hellip;","og_url":"https:\/\/vrlaw.nl\/de\/honorar\/","og_site_name":"Van Rossenberg Advocatuur","article_modified_time":"2025-02-07T15:18:24+00:00","twitter_card":"summary_large_image","twitter_misc":{"Gesch\u00e4tzte Lesezeit":"1\u00a0Minute"},"schema":{"@context":"https:\/\/schema.org","@graph":[{"@type":"WebPage","@id":"https:\/\/vrlaw.nl\/de\/honorar\/","url":"https:\/\/vrlaw.nl\/de\/honorar\/","name":"Honorar - Van Rossenberg Advocatuur","isPartOf":{"@id":"https:\/\/vrlaw.nl\/de\/#website"},"datePublished":"2020-09-20T13:19:39+00:00","dateModified":"2025-02-07T15:18:24+00:00","breadcrumb":{"@id":"https:\/\/vrlaw.nl\/de\/honorar\/#breadcrumb"},"inLanguage":"de","potentialAction":[{"@type":"ReadAction","target":["https:\/\/vrlaw.nl\/de\/honorar\/"]}]},{"@type":"BreadcrumbList","@id":"https:\/\/vrlaw.nl\/de\/honorar\/#breadcrumb","itemListElement":[{"@type":"ListItem","position":1,"name":"Home","item":"https:\/\/vrlaw.nl\/de\/"},{"@type":"ListItem","position":2,"name":"Honorar"}]},{"@type":"WebSite","@id":"https:\/\/vrlaw.nl\/de\/#website","url":"https:\/\/vrlaw.nl\/de\/","name":"Lumaya","description":"","publisher":{"@id":"https:\/\/vrlaw.nl\/de\/#organization"},"potentialAction":[{"@type":"SearchAction","target":{"@type":"EntryPoint","urlTemplate":"https:\/\/vrlaw.nl\/de\/?s={search_term_string}"},"query-input":{"@type":"PropertyValueSpecification","valueRequired":true,"valueName":"search_term_string"}}],"inLanguage":"de"},{"@type":"Organization","@id":"https:\/\/vrlaw.nl\/de\/#organization","name":"Lumaya","url":"https:\/\/vrlaw.nl\/de\/","logo":{"@type":"ImageObject","inLanguage":"de","@id":"https:\/\/vrlaw.nl\/de\/#\/schema\/logo\/image\/","url":"https:\/\/vrlaw.nl\/wp-content\/uploads\/2023\/01\/Logo-Van-Rossenberg.png","contentUrl":"https:\/\/vrlaw.nl\/wp-content\/uploads\/2023\/01\/Logo-Van-Rossenberg.png","width":200,"height":74,"caption":"Lumaya"},"image":{"@id":"https:\/\/vrlaw.nl\/de\/#\/schema\/logo\/image\/"}}]}},"acf":[],"_links":{"self":[{"href":"https:\/\/vrlaw.nl\/de\/wp-json\/wp\/v2\/pages\/826","targetHints":{"allow":["GET"]}}],"collection":[{"href":"https:\/\/vrlaw.nl\/de\/wp-json\/wp\/v2\/pages"}],"about":[{"href":"https:\/\/vrlaw.nl\/de\/wp-json\/wp\/v2\/types\/page"}],"author":[{"embeddable":true,"href":"https:\/\/vrlaw.nl\/de\/wp-json\/wp\/v2\/users\/1"}],"replies":[{"embeddable":true,"href":"https:\/\/vrlaw.nl\/de\/wp-json\/wp\/v2\/comments?post=826"}],"version-history":[{"count":0,"href":"https:\/\/vrlaw.nl\/de\/wp-json\/wp\/v2\/pages\/826\/revisions"}],"wp:attachment":[{"href":"https:\/\/vrlaw.nl\/de\/wp-json\/wp\/v2\/media?parent=826"}],"curies":[{"name":"wp","href":"https:\/\/api.w.org\/{rel}","templated":true}]}}