{"id":830,"date":"2020-09-20T15:21:19","date_gmt":"2020-09-20T13:21:19","guid":{"rendered":"http:\/\/vrlaw.nl.greenhostpreview.nl\/?page_id=830"},"modified":"2023-01-03T13:09:35","modified_gmt":"2023-01-03T12:09:35","slug":"rechtsgebiete","status":"publish","type":"page","link":"https:\/\/vrlaw.nl\/de\/rechtsgebiete\/","title":{"rendered":"Rechtsgebiete"},"content":{"rendered":"\n<p>Wie auf der Homepage erw\u00e4hnt, ist Van Rossenberg Advocatuur eine Kanzlei, die sich insbesondere mit dem Bereich Transport und Transportversicherungen befasst. Das bedeutet, dass die Kanzlei insbesondere auf folgenden Gebieten t\u00e4tig ist und ber\u00e4t:<\/p>\n\n\n\n<ul class=\"wp-block-list\">\n<li>Stra\u00dfeng\u00fcterverkehr<\/li>\n\n\n\n<li>Seeschifffahrt<\/li>\n\n\n\n<li>Binnenschifffahrt<\/li>\n\n\n\n<li>Luftfracht<\/li>\n\n\n\n<li>Schieneng\u00fcterverkehr<\/li>\n\n\n\n<li>multimodaler Verkehr<\/li>\n\n\n\n<li>Ladungsmakler<\/li>\n\n\n\n<li>Hafenspeditionen<\/li>\n\n\n\n<li>Lagerung<\/li>\n\n\n\n<li>physischer Vertrieb<\/li>\n\n\n\n<li>Speditionen<\/li>\n<\/ul>\n\n\n\n<p>Daneben vertritt die Kanzlei (b\u00f6rsennotierte) Versicherungskonzerne bei Versicherungsstreitigkeiten im Hinblick auf Ladungsversicherungen, Frachtf\u00fchrerhaftpflichtversicherungen, Speditionshaftpflichtversicherungen, Haftpflichtversicherungen f\u00fcr logistische Dienstleistungen etc.<\/p>\n","protected":false},"excerpt":{"rendered":"<p>Wie auf der Homepage erw\u00e4hnt, ist Van Rossenberg Advocatuur eine Kanzlei, die sich insbesondere mit dem Bereich Transport und Transportversicherungen befasst. Das bedeutet, dass die Kanzlei insbesondere auf folgenden Gebieten t\u00e4tig ist und ber\u00e4t: Daneben vertritt die Kanzlei (b\u00f6rsennotierte) Versicherungskonzerne bei Versicherungsstreitigkeiten im Hinblick auf Ladungsversicherungen, Frachtf\u00fchrerhaftpflichtversicherungen, Speditionshaftpflichtversicherungen, Haftpflichtversicherungen f\u00fcr logistische Dienstleistungen etc.<\/p>\n","protected":false},"author":1,"featured_media":0,"parent":0,"menu_order":0,"comment_status":"closed","ping_status":"closed","template":"","meta":{"_acf_changed":false,"_genesis_hide_title":false,"_genesis_hide_breadcrumbs":false,"_genesis_hide_singular_image":false,"_genesis_hide_footer_widgets":false,"_genesis_custom_body_class":"","_genesis_custom_post_class":"","_genesis_layout":"","footnotes":""},"class_list":{"1":"page","2":"type-page","5":"entry"},"yoast_head":"<!-- This site is optimized with the Yoast SEO plugin v27.1.1 - https:\/\/yoast.com\/product\/yoast-seo-wordpress\/ -->\n<title>Rechtsgebiete - Van Rossenberg Advocatuur<\/title>\n<meta name=\"robots\" content=\"index, follow, max-snippet:-1, max-image-preview:large, max-video-preview:-1\" \/>\n<link rel=\"canonical\" href=\"https:\/\/vrlaw.nl\/de\/rechtsgebiete\/\" \/>\n<meta property=\"og:locale\" content=\"de_DE\" \/>\n<meta property=\"og:type\" content=\"article\" \/>\n<meta property=\"og:title\" content=\"Rechtsgebiete - Van Rossenberg Advocatuur\" \/>\n<meta property=\"og:description\" content=\"Wie auf der Homepage erw\u00e4hnt, ist Van Rossenberg Advocatuur eine Kanzlei, die sich insbesondere mit dem Bereich Transport und Transportversicherungen befasst. Das bedeutet, dass die Kanzlei insbesondere auf folgenden Gebieten t\u00e4tig ist und ber\u00e4t: Daneben vertritt die Kanzlei (b\u00f6rsennotierte) Versicherungskonzerne bei Versicherungsstreitigkeiten im Hinblick auf Ladungsversicherungen, Frachtf\u00fchrerhaftpflichtversicherungen, Speditionshaftpflichtversicherungen, Haftpflichtversicherungen f\u00fcr logistische Dienstleistungen etc.\" \/>\n<meta property=\"og:url\" content=\"https:\/\/vrlaw.nl\/de\/rechtsgebiete\/\" \/>\n<meta property=\"og:site_name\" content=\"Van Rossenberg Advocatuur\" \/>\n<meta property=\"article:modified_time\" content=\"2023-01-03T12:09:35+00:00\" \/>\n<meta name=\"twitter:card\" content=\"summary_large_image\" \/>\n<meta name=\"twitter:label1\" content=\"Gesch\u00e4tzte Lesezeit\" \/>\n\t<meta name=\"twitter:data1\" content=\"1\u00a0Minute\" \/>\n<script type=\"application\/ld+json\" class=\"yoast-schema-graph\">{\"@context\":\"https:\/\/schema.org\",\"@graph\":[{\"@type\":\"WebPage\",\"@id\":\"https:\/\/vrlaw.nl\/de\/rechtsgebiete\/\",\"url\":\"https:\/\/vrlaw.nl\/de\/rechtsgebiete\/\",\"name\":\"Rechtsgebiete - Van Rossenberg Advocatuur\",\"isPartOf\":{\"@id\":\"https:\/\/vrlaw.nl\/de\/#website\"},\"datePublished\":\"2020-09-20T13:21:19+00:00\",\"dateModified\":\"2023-01-03T12:09:35+00:00\",\"breadcrumb\":{\"@id\":\"https:\/\/vrlaw.nl\/de\/rechtsgebiete\/#breadcrumb\"},\"inLanguage\":\"de\",\"potentialAction\":[{\"@type\":\"ReadAction\",\"target\":[\"https:\/\/vrlaw.nl\/de\/rechtsgebiete\/\"]}]},{\"@type\":\"BreadcrumbList\",\"@id\":\"https:\/\/vrlaw.nl\/de\/rechtsgebiete\/#breadcrumb\",\"itemListElement\":[{\"@type\":\"ListItem\",\"position\":1,\"name\":\"Home\",\"item\":\"https:\/\/vrlaw.nl\/de\/\"},{\"@type\":\"ListItem\",\"position\":2,\"name\":\"Rechtsgebiete\"}]},{\"@type\":\"WebSite\",\"@id\":\"https:\/\/vrlaw.nl\/de\/#website\",\"url\":\"https:\/\/vrlaw.nl\/de\/\",\"name\":\"Lumaya\",\"description\":\"\",\"publisher\":{\"@id\":\"https:\/\/vrlaw.nl\/de\/#organization\"},\"potentialAction\":[{\"@type\":\"SearchAction\",\"target\":{\"@type\":\"EntryPoint\",\"urlTemplate\":\"https:\/\/vrlaw.nl\/de\/?s={search_term_string}\"},\"query-input\":{\"@type\":\"PropertyValueSpecification\",\"valueRequired\":true,\"valueName\":\"search_term_string\"}}],\"inLanguage\":\"de\"},{\"@type\":\"Organization\",\"@id\":\"https:\/\/vrlaw.nl\/de\/#organization\",\"name\":\"Lumaya\",\"url\":\"https:\/\/vrlaw.nl\/de\/\",\"logo\":{\"@type\":\"ImageObject\",\"inLanguage\":\"de\",\"@id\":\"https:\/\/vrlaw.nl\/de\/#\/schema\/logo\/image\/\",\"url\":\"https:\/\/vrlaw.nl\/wp-content\/uploads\/2023\/01\/Logo-Van-Rossenberg.png\",\"contentUrl\":\"https:\/\/vrlaw.nl\/wp-content\/uploads\/2023\/01\/Logo-Van-Rossenberg.png\",\"width\":200,\"height\":74,\"caption\":\"Lumaya\"},\"image\":{\"@id\":\"https:\/\/vrlaw.nl\/de\/#\/schema\/logo\/image\/\"}}]}<\/script>\n<!-- \/ Yoast SEO plugin. -->","yoast_head_json":{"title":"Rechtsgebiete - Van Rossenberg Advocatuur","robots":{"index":"index","follow":"follow","max-snippet":"max-snippet:-1","max-image-preview":"max-image-preview:large","max-video-preview":"max-video-preview:-1"},"canonical":"https:\/\/vrlaw.nl\/de\/rechtsgebiete\/","og_locale":"de_DE","og_type":"article","og_title":"Rechtsgebiete - Van Rossenberg Advocatuur","og_description":"Wie auf der Homepage erw\u00e4hnt, ist Van Rossenberg Advocatuur eine Kanzlei, die sich insbesondere mit dem Bereich Transport und Transportversicherungen befasst. Das bedeutet, dass die Kanzlei insbesondere auf folgenden Gebieten t\u00e4tig ist und ber\u00e4t: Daneben vertritt die Kanzlei (b\u00f6rsennotierte) Versicherungskonzerne bei Versicherungsstreitigkeiten im Hinblick auf Ladungsversicherungen, Frachtf\u00fchrerhaftpflichtversicherungen, Speditionshaftpflichtversicherungen, Haftpflichtversicherungen f\u00fcr logistische Dienstleistungen etc.","og_url":"https:\/\/vrlaw.nl\/de\/rechtsgebiete\/","og_site_name":"Van Rossenberg Advocatuur","article_modified_time":"2023-01-03T12:09:35+00:00","twitter_card":"summary_large_image","twitter_misc":{"Gesch\u00e4tzte Lesezeit":"1\u00a0Minute"},"schema":{"@context":"https:\/\/schema.org","@graph":[{"@type":"WebPage","@id":"https:\/\/vrlaw.nl\/de\/rechtsgebiete\/","url":"https:\/\/vrlaw.nl\/de\/rechtsgebiete\/","name":"Rechtsgebiete - Van Rossenberg Advocatuur","isPartOf":{"@id":"https:\/\/vrlaw.nl\/de\/#website"},"datePublished":"2020-09-20T13:21:19+00:00","dateModified":"2023-01-03T12:09:35+00:00","breadcrumb":{"@id":"https:\/\/vrlaw.nl\/de\/rechtsgebiete\/#breadcrumb"},"inLanguage":"de","potentialAction":[{"@type":"ReadAction","target":["https:\/\/vrlaw.nl\/de\/rechtsgebiete\/"]}]},{"@type":"BreadcrumbList","@id":"https:\/\/vrlaw.nl\/de\/rechtsgebiete\/#breadcrumb","itemListElement":[{"@type":"ListItem","position":1,"name":"Home","item":"https:\/\/vrlaw.nl\/de\/"},{"@type":"ListItem","position":2,"name":"Rechtsgebiete"}]},{"@type":"WebSite","@id":"https:\/\/vrlaw.nl\/de\/#website","url":"https:\/\/vrlaw.nl\/de\/","name":"Lumaya","description":"","publisher":{"@id":"https:\/\/vrlaw.nl\/de\/#organization"},"potentialAction":[{"@type":"SearchAction","target":{"@type":"EntryPoint","urlTemplate":"https:\/\/vrlaw.nl\/de\/?s={search_term_string}"},"query-input":{"@type":"PropertyValueSpecification","valueRequired":true,"valueName":"search_term_string"}}],"inLanguage":"de"},{"@type":"Organization","@id":"https:\/\/vrlaw.nl\/de\/#organization","name":"Lumaya","url":"https:\/\/vrlaw.nl\/de\/","logo":{"@type":"ImageObject","inLanguage":"de","@id":"https:\/\/vrlaw.nl\/de\/#\/schema\/logo\/image\/","url":"https:\/\/vrlaw.nl\/wp-content\/uploads\/2023\/01\/Logo-Van-Rossenberg.png","contentUrl":"https:\/\/vrlaw.nl\/wp-content\/uploads\/2023\/01\/Logo-Van-Rossenberg.png","width":200,"height":74,"caption":"Lumaya"},"image":{"@id":"https:\/\/vrlaw.nl\/de\/#\/schema\/logo\/image\/"}}]}},"acf":[],"_links":{"self":[{"href":"https:\/\/vrlaw.nl\/de\/wp-json\/wp\/v2\/pages\/830","targetHints":{"allow":["GET"]}}],"collection":[{"href":"https:\/\/vrlaw.nl\/de\/wp-json\/wp\/v2\/pages"}],"about":[{"href":"https:\/\/vrlaw.nl\/de\/wp-json\/wp\/v2\/types\/page"}],"author":[{"embeddable":true,"href":"https:\/\/vrlaw.nl\/de\/wp-json\/wp\/v2\/users\/1"}],"replies":[{"embeddable":true,"href":"https:\/\/vrlaw.nl\/de\/wp-json\/wp\/v2\/comments?post=830"}],"version-history":[{"count":0,"href":"https:\/\/vrlaw.nl\/de\/wp-json\/wp\/v2\/pages\/830\/revisions"}],"wp:attachment":[{"href":"https:\/\/vrlaw.nl\/de\/wp-json\/wp\/v2\/media?parent=830"}],"curies":[{"name":"wp","href":"https:\/\/api.w.org\/{rel}","templated":true}]}}