{"id":840,"date":"2020-09-20T15:32:10","date_gmt":"2020-09-20T13:32:10","guid":{"rendered":"http:\/\/vrlaw.nl.greenhostpreview.nl\/?page_id=840"},"modified":"2020-09-24T15:10:07","modified_gmt":"2020-09-24T13:10:07","slug":"a-d-addie-huisman","status":"publish","type":"page","link":"https:\/\/vrlaw.nl\/de\/team\/a-d-addie-huisman\/","title":{"rendered":"A.D. Huisman"},"content":{"rendered":"\n<p>A. D. (Addie) Huisman schloss 1988 ihr Studium an der Rijksuniversiteit Utrecht ab. Nach ihrer T\u00e4tigkeit in der Versicherungsbranche im Bereich Transport &amp; Logistikdienstleistungen, Haftung, CAR und Arbeitsmaterial wechselte sie Ende 2001 in die Anwaltschaft. Addie ist Mitglied des Verbands niederl\u00e4ndischer Transportrechtsanw\u00e4lte, des niederl\u00e4ndischen Verbands f\u00fcr See- und Transportrecht (NVZV) und der Rotterdamer B\u00f6rse Transport Soziet\u00e4t (RBTS).<\/p>\n","protected":false},"excerpt":{"rendered":"<p>A. D. (Addie) Huisman schloss 1988 ihr Studium an der Rijksuniversiteit Utrecht ab. Nach ihrer T\u00e4tigkeit in der Versicherungsbranche im Bereich Transport &amp; Logistikdienstleistungen, Haftung, CAR und Arbeitsmaterial wechselte sie Ende 2001 in die Anwaltschaft. Addie ist Mitglied des Verbands niederl\u00e4ndischer Transportrechtsanw\u00e4lte, des niederl\u00e4ndischen Verbands f\u00fcr See- und Transportrecht (NVZV) und der Rotterdamer B\u00f6rse Transport &hellip;<\/p>\n","protected":false},"author":1,"featured_media":0,"parent":834,"menu_order":0,"comment_status":"closed","ping_status":"closed","template":"","meta":{"_acf_changed":false,"_genesis_hide_title":false,"_genesis_hide_breadcrumbs":false,"_genesis_hide_singular_image":false,"_genesis_hide_footer_widgets":false,"_genesis_custom_body_class":"","_genesis_custom_post_class":"","_genesis_layout":"","footnotes":""},"class_list":{"1":"page","2":"type-page","5":"entry"},"yoast_head":"<!-- This site is optimized with the Yoast SEO plugin v27.1.1 - https:\/\/yoast.com\/product\/yoast-seo-wordpress\/ -->\n<title>A.D. Huisman - Van Rossenberg Advocatuur<\/title>\n<meta name=\"robots\" content=\"index, follow, max-snippet:-1, max-image-preview:large, max-video-preview:-1\" \/>\n<link rel=\"canonical\" href=\"https:\/\/vrlaw.nl\/de\/team\/a-d-addie-huisman\/\" \/>\n<meta property=\"og:locale\" content=\"de_DE\" \/>\n<meta property=\"og:type\" content=\"article\" \/>\n<meta property=\"og:title\" content=\"A.D. Huisman - Van Rossenberg Advocatuur\" \/>\n<meta property=\"og:description\" content=\"A. D. (Addie) Huisman schloss 1988 ihr Studium an der Rijksuniversiteit Utrecht ab. Nach ihrer T\u00e4tigkeit in der Versicherungsbranche im Bereich Transport &amp; Logistikdienstleistungen, Haftung, CAR und Arbeitsmaterial wechselte sie Ende 2001 in die Anwaltschaft. Addie ist Mitglied des Verbands niederl\u00e4ndischer Transportrechtsanw\u00e4lte, des niederl\u00e4ndischen Verbands f\u00fcr See- und Transportrecht (NVZV) und der Rotterdamer B\u00f6rse Transport &hellip;\" \/>\n<meta property=\"og:url\" content=\"https:\/\/vrlaw.nl\/de\/team\/a-d-addie-huisman\/\" \/>\n<meta property=\"og:site_name\" content=\"Van Rossenberg Advocatuur\" \/>\n<meta property=\"article:modified_time\" content=\"2020-09-24T13:10:07+00:00\" \/>\n<meta name=\"twitter:card\" content=\"summary_large_image\" \/>\n<script type=\"application\/ld+json\" class=\"yoast-schema-graph\">{\"@context\":\"https:\/\/schema.org\",\"@graph\":[{\"@type\":\"WebPage\",\"@id\":\"https:\/\/vrlaw.nl\/de\/team\/a-d-addie-huisman\/\",\"url\":\"https:\/\/vrlaw.nl\/de\/team\/a-d-addie-huisman\/\",\"name\":\"A.D. Huisman - Van Rossenberg Advocatuur\",\"isPartOf\":{\"@id\":\"https:\/\/vrlaw.nl\/de\/#website\"},\"datePublished\":\"2020-09-20T13:32:10+00:00\",\"dateModified\":\"2020-09-24T13:10:07+00:00\",\"breadcrumb\":{\"@id\":\"https:\/\/vrlaw.nl\/de\/team\/a-d-addie-huisman\/#breadcrumb\"},\"inLanguage\":\"de\",\"potentialAction\":[{\"@type\":\"ReadAction\",\"target\":[\"https:\/\/vrlaw.nl\/de\/team\/a-d-addie-huisman\/\"]}]},{\"@type\":\"BreadcrumbList\",\"@id\":\"https:\/\/vrlaw.nl\/de\/team\/a-d-addie-huisman\/#breadcrumb\",\"itemListElement\":[{\"@type\":\"ListItem\",\"position\":1,\"name\":\"Home\",\"item\":\"https:\/\/vrlaw.nl\/de\/\"},{\"@type\":\"ListItem\",\"position\":2,\"name\":\"Team\",\"item\":\"https:\/\/vrlaw.nl\/de\/team\/\"},{\"@type\":\"ListItem\",\"position\":3,\"name\":\"A.D. Huisman\"}]},{\"@type\":\"WebSite\",\"@id\":\"https:\/\/vrlaw.nl\/de\/#website\",\"url\":\"https:\/\/vrlaw.nl\/de\/\",\"name\":\"Lumaya\",\"description\":\"\",\"publisher\":{\"@id\":\"https:\/\/vrlaw.nl\/de\/#organization\"},\"potentialAction\":[{\"@type\":\"SearchAction\",\"target\":{\"@type\":\"EntryPoint\",\"urlTemplate\":\"https:\/\/vrlaw.nl\/de\/?s={search_term_string}\"},\"query-input\":{\"@type\":\"PropertyValueSpecification\",\"valueRequired\":true,\"valueName\":\"search_term_string\"}}],\"inLanguage\":\"de\"},{\"@type\":\"Organization\",\"@id\":\"https:\/\/vrlaw.nl\/de\/#organization\",\"name\":\"Lumaya\",\"url\":\"https:\/\/vrlaw.nl\/de\/\",\"logo\":{\"@type\":\"ImageObject\",\"inLanguage\":\"de\",\"@id\":\"https:\/\/vrlaw.nl\/de\/#\/schema\/logo\/image\/\",\"url\":\"https:\/\/vrlaw.nl\/wp-content\/uploads\/2023\/01\/Logo-Van-Rossenberg.png\",\"contentUrl\":\"https:\/\/vrlaw.nl\/wp-content\/uploads\/2023\/01\/Logo-Van-Rossenberg.png\",\"width\":200,\"height\":74,\"caption\":\"Lumaya\"},\"image\":{\"@id\":\"https:\/\/vrlaw.nl\/de\/#\/schema\/logo\/image\/\"}}]}<\/script>\n<!-- \/ Yoast SEO plugin. -->","yoast_head_json":{"title":"A.D. Huisman - Van Rossenberg Advocatuur","robots":{"index":"index","follow":"follow","max-snippet":"max-snippet:-1","max-image-preview":"max-image-preview:large","max-video-preview":"max-video-preview:-1"},"canonical":"https:\/\/vrlaw.nl\/de\/team\/a-d-addie-huisman\/","og_locale":"de_DE","og_type":"article","og_title":"A.D. Huisman - Van Rossenberg Advocatuur","og_description":"A. D. (Addie) Huisman schloss 1988 ihr Studium an der Rijksuniversiteit Utrecht ab. Nach ihrer T\u00e4tigkeit in der Versicherungsbranche im Bereich Transport &amp; Logistikdienstleistungen, Haftung, CAR und Arbeitsmaterial wechselte sie Ende 2001 in die Anwaltschaft. Addie ist Mitglied des Verbands niederl\u00e4ndischer Transportrechtsanw\u00e4lte, des niederl\u00e4ndischen Verbands f\u00fcr See- und Transportrecht (NVZV) und der Rotterdamer B\u00f6rse Transport &hellip;","og_url":"https:\/\/vrlaw.nl\/de\/team\/a-d-addie-huisman\/","og_site_name":"Van Rossenberg Advocatuur","article_modified_time":"2020-09-24T13:10:07+00:00","twitter_card":"summary_large_image","schema":{"@context":"https:\/\/schema.org","@graph":[{"@type":"WebPage","@id":"https:\/\/vrlaw.nl\/de\/team\/a-d-addie-huisman\/","url":"https:\/\/vrlaw.nl\/de\/team\/a-d-addie-huisman\/","name":"A.D. Huisman - Van Rossenberg Advocatuur","isPartOf":{"@id":"https:\/\/vrlaw.nl\/de\/#website"},"datePublished":"2020-09-20T13:32:10+00:00","dateModified":"2020-09-24T13:10:07+00:00","breadcrumb":{"@id":"https:\/\/vrlaw.nl\/de\/team\/a-d-addie-huisman\/#breadcrumb"},"inLanguage":"de","potentialAction":[{"@type":"ReadAction","target":["https:\/\/vrlaw.nl\/de\/team\/a-d-addie-huisman\/"]}]},{"@type":"BreadcrumbList","@id":"https:\/\/vrlaw.nl\/de\/team\/a-d-addie-huisman\/#breadcrumb","itemListElement":[{"@type":"ListItem","position":1,"name":"Home","item":"https:\/\/vrlaw.nl\/de\/"},{"@type":"ListItem","position":2,"name":"Team","item":"https:\/\/vrlaw.nl\/de\/team\/"},{"@type":"ListItem","position":3,"name":"A.D. Huisman"}]},{"@type":"WebSite","@id":"https:\/\/vrlaw.nl\/de\/#website","url":"https:\/\/vrlaw.nl\/de\/","name":"Lumaya","description":"","publisher":{"@id":"https:\/\/vrlaw.nl\/de\/#organization"},"potentialAction":[{"@type":"SearchAction","target":{"@type":"EntryPoint","urlTemplate":"https:\/\/vrlaw.nl\/de\/?s={search_term_string}"},"query-input":{"@type":"PropertyValueSpecification","valueRequired":true,"valueName":"search_term_string"}}],"inLanguage":"de"},{"@type":"Organization","@id":"https:\/\/vrlaw.nl\/de\/#organization","name":"Lumaya","url":"https:\/\/vrlaw.nl\/de\/","logo":{"@type":"ImageObject","inLanguage":"de","@id":"https:\/\/vrlaw.nl\/de\/#\/schema\/logo\/image\/","url":"https:\/\/vrlaw.nl\/wp-content\/uploads\/2023\/01\/Logo-Van-Rossenberg.png","contentUrl":"https:\/\/vrlaw.nl\/wp-content\/uploads\/2023\/01\/Logo-Van-Rossenberg.png","width":200,"height":74,"caption":"Lumaya"},"image":{"@id":"https:\/\/vrlaw.nl\/de\/#\/schema\/logo\/image\/"}}]}},"acf":[],"_links":{"self":[{"href":"https:\/\/vrlaw.nl\/de\/wp-json\/wp\/v2\/pages\/840","targetHints":{"allow":["GET"]}}],"collection":[{"href":"https:\/\/vrlaw.nl\/de\/wp-json\/wp\/v2\/pages"}],"about":[{"href":"https:\/\/vrlaw.nl\/de\/wp-json\/wp\/v2\/types\/page"}],"author":[{"embeddable":true,"href":"https:\/\/vrlaw.nl\/de\/wp-json\/wp\/v2\/users\/1"}],"replies":[{"embeddable":true,"href":"https:\/\/vrlaw.nl\/de\/wp-json\/wp\/v2\/comments?post=840"}],"version-history":[{"count":0,"href":"https:\/\/vrlaw.nl\/de\/wp-json\/wp\/v2\/pages\/840\/revisions"}],"up":[{"embeddable":true,"href":"https:\/\/vrlaw.nl\/de\/wp-json\/wp\/v2\/pages\/834"}],"wp:attachment":[{"href":"https:\/\/vrlaw.nl\/de\/wp-json\/wp\/v2\/media?parent=840"}],"curies":[{"name":"wp","href":"https:\/\/api.w.org\/{rel}","templated":true}]}}