{"id":843,"date":"2020-09-20T15:33:30","date_gmt":"2020-09-20T13:33:30","guid":{"rendered":"http:\/\/vrlaw.nl.greenhostpreview.nl\/?page_id=843"},"modified":"2023-01-03T13:06:41","modified_gmt":"2023-01-03T12:06:41","slug":"w-m-van-rossenberg","status":"publish","type":"page","link":"https:\/\/vrlaw.nl\/de\/team\/w-m-van-rossenberg\/","title":{"rendered":"W.M. van Rossenberg"},"content":{"rendered":"\n<p>W. M. (Pim) van Rossenberg, geboren 1958, wurde 1983 nach seinem Jurastudium an der Rijksuniversiteit Leiden in Rotterdam als Rechtsanwalt vereidigt.<\/p>\n\n\n\n<p>Seit Beginn seiner beruflichen T\u00e4tigkeit befasst er sich mit dem Bereich Transport und Transportversicherungen. Nach langj\u00e4hriger T\u00e4tigkeit als Partner in einer anderen Kanzlei gr\u00fcndete er Mitte 2001 Van Rossenberg Advocatuur.<\/p>\n\n\n\n<p>Pim van Rossenberg ist Mitglied des Verbands niederl\u00e4ndischer Transportrechtsanw\u00e4lte, des niederl\u00e4ndischen Verbands f\u00fcr See- und Transportrecht (NVZV), der Internationalen Vereinigung zur Wahrnehmung der gemeinsamen Interessen der Binnenschifffahrt und der Versicherung und zur F\u00fchrung des Binnenschiffsregisters in Europa (IVR), der International Bar Association (IBA) und der Deutschen Gesellschaft f\u00fcr Transportrecht (DGT). Regelm\u00e4\u00dfig h\u00e4lt Pim Vortr\u00e4ge zu transportrechtlichen Themen, daneben ist er Koautor des in Deutschland ver\u00f6ffentlichten Standardwerks \u201eKommentar zur CMR\u201c. Au\u00dferdem ist er Vorstandsmitglied der Rotterdamer B\u00f6rse Transport Soziet\u00e4t (RBTS).<\/p>\n","protected":false},"excerpt":{"rendered":"<p>W. M. (Pim) van Rossenberg, geboren 1958, wurde 1983 nach seinem Jurastudium an der Rijksuniversiteit Leiden in Rotterdam als Rechtsanwalt vereidigt. Seit Beginn seiner beruflichen T\u00e4tigkeit befasst er sich mit dem Bereich Transport und Transportversicherungen. Nach langj\u00e4hriger T\u00e4tigkeit als Partner in einer anderen Kanzlei gr\u00fcndete er Mitte 2001 Van Rossenberg Advocatuur. Pim van Rossenberg ist &hellip;<\/p>\n","protected":false},"author":1,"featured_media":0,"parent":834,"menu_order":0,"comment_status":"closed","ping_status":"closed","template":"","meta":{"_acf_changed":false,"_genesis_hide_title":false,"_genesis_hide_breadcrumbs":false,"_genesis_hide_singular_image":false,"_genesis_hide_footer_widgets":false,"_genesis_custom_body_class":"","_genesis_custom_post_class":"","_genesis_layout":"","footnotes":""},"class_list":{"1":"page","2":"type-page","5":"entry"},"yoast_head":"<!-- This site is optimized with the Yoast SEO plugin v27.1.1 - https:\/\/yoast.com\/product\/yoast-seo-wordpress\/ -->\n<title>W.M. van Rossenberg - Van Rossenberg Advocatuur<\/title>\n<meta name=\"robots\" content=\"index, follow, max-snippet:-1, max-image-preview:large, max-video-preview:-1\" \/>\n<link rel=\"canonical\" href=\"https:\/\/vrlaw.nl\/de\/team\/w-m-van-rossenberg\/\" \/>\n<meta property=\"og:locale\" content=\"de_DE\" \/>\n<meta property=\"og:type\" content=\"article\" \/>\n<meta property=\"og:title\" content=\"W.M. van Rossenberg - Van Rossenberg Advocatuur\" \/>\n<meta property=\"og:description\" content=\"W. M. (Pim) van Rossenberg, geboren 1958, wurde 1983 nach seinem Jurastudium an der Rijksuniversiteit Leiden in Rotterdam als Rechtsanwalt vereidigt. Seit Beginn seiner beruflichen T\u00e4tigkeit befasst er sich mit dem Bereich Transport und Transportversicherungen. Nach langj\u00e4hriger T\u00e4tigkeit als Partner in einer anderen Kanzlei gr\u00fcndete er Mitte 2001 Van Rossenberg Advocatuur. Pim van Rossenberg ist &hellip;\" \/>\n<meta property=\"og:url\" content=\"https:\/\/vrlaw.nl\/de\/team\/w-m-van-rossenberg\/\" \/>\n<meta property=\"og:site_name\" content=\"Van Rossenberg Advocatuur\" \/>\n<meta property=\"article:modified_time\" content=\"2023-01-03T12:06:41+00:00\" \/>\n<meta name=\"twitter:card\" content=\"summary_large_image\" \/>\n<meta name=\"twitter:label1\" content=\"Gesch\u00e4tzte Lesezeit\" \/>\n\t<meta name=\"twitter:data1\" content=\"1\u00a0Minute\" \/>\n<script type=\"application\/ld+json\" class=\"yoast-schema-graph\">{\"@context\":\"https:\/\/schema.org\",\"@graph\":[{\"@type\":\"WebPage\",\"@id\":\"https:\/\/vrlaw.nl\/de\/team\/w-m-van-rossenberg\/\",\"url\":\"https:\/\/vrlaw.nl\/de\/team\/w-m-van-rossenberg\/\",\"name\":\"W.M. van Rossenberg - Van Rossenberg Advocatuur\",\"isPartOf\":{\"@id\":\"https:\/\/vrlaw.nl\/de\/#website\"},\"datePublished\":\"2020-09-20T13:33:30+00:00\",\"dateModified\":\"2023-01-03T12:06:41+00:00\",\"breadcrumb\":{\"@id\":\"https:\/\/vrlaw.nl\/de\/team\/w-m-van-rossenberg\/#breadcrumb\"},\"inLanguage\":\"de\",\"potentialAction\":[{\"@type\":\"ReadAction\",\"target\":[\"https:\/\/vrlaw.nl\/de\/team\/w-m-van-rossenberg\/\"]}]},{\"@type\":\"BreadcrumbList\",\"@id\":\"https:\/\/vrlaw.nl\/de\/team\/w-m-van-rossenberg\/#breadcrumb\",\"itemListElement\":[{\"@type\":\"ListItem\",\"position\":1,\"name\":\"Home\",\"item\":\"https:\/\/vrlaw.nl\/de\/\"},{\"@type\":\"ListItem\",\"position\":2,\"name\":\"Team\",\"item\":\"https:\/\/vrlaw.nl\/de\/team\/\"},{\"@type\":\"ListItem\",\"position\":3,\"name\":\"W.M. van Rossenberg\"}]},{\"@type\":\"WebSite\",\"@id\":\"https:\/\/vrlaw.nl\/de\/#website\",\"url\":\"https:\/\/vrlaw.nl\/de\/\",\"name\":\"Lumaya\",\"description\":\"\",\"publisher\":{\"@id\":\"https:\/\/vrlaw.nl\/de\/#organization\"},\"potentialAction\":[{\"@type\":\"SearchAction\",\"target\":{\"@type\":\"EntryPoint\",\"urlTemplate\":\"https:\/\/vrlaw.nl\/de\/?s={search_term_string}\"},\"query-input\":{\"@type\":\"PropertyValueSpecification\",\"valueRequired\":true,\"valueName\":\"search_term_string\"}}],\"inLanguage\":\"de\"},{\"@type\":\"Organization\",\"@id\":\"https:\/\/vrlaw.nl\/de\/#organization\",\"name\":\"Lumaya\",\"url\":\"https:\/\/vrlaw.nl\/de\/\",\"logo\":{\"@type\":\"ImageObject\",\"inLanguage\":\"de\",\"@id\":\"https:\/\/vrlaw.nl\/de\/#\/schema\/logo\/image\/\",\"url\":\"https:\/\/vrlaw.nl\/wp-content\/uploads\/2023\/01\/Logo-Van-Rossenberg.png\",\"contentUrl\":\"https:\/\/vrlaw.nl\/wp-content\/uploads\/2023\/01\/Logo-Van-Rossenberg.png\",\"width\":200,\"height\":74,\"caption\":\"Lumaya\"},\"image\":{\"@id\":\"https:\/\/vrlaw.nl\/de\/#\/schema\/logo\/image\/\"}}]}<\/script>\n<!-- \/ Yoast SEO plugin. -->","yoast_head_json":{"title":"W.M. van Rossenberg - Van Rossenberg Advocatuur","robots":{"index":"index","follow":"follow","max-snippet":"max-snippet:-1","max-image-preview":"max-image-preview:large","max-video-preview":"max-video-preview:-1"},"canonical":"https:\/\/vrlaw.nl\/de\/team\/w-m-van-rossenberg\/","og_locale":"de_DE","og_type":"article","og_title":"W.M. van Rossenberg - Van Rossenberg Advocatuur","og_description":"W. M. (Pim) van Rossenberg, geboren 1958, wurde 1983 nach seinem Jurastudium an der Rijksuniversiteit Leiden in Rotterdam als Rechtsanwalt vereidigt. Seit Beginn seiner beruflichen T\u00e4tigkeit befasst er sich mit dem Bereich Transport und Transportversicherungen. Nach langj\u00e4hriger T\u00e4tigkeit als Partner in einer anderen Kanzlei gr\u00fcndete er Mitte 2001 Van Rossenberg Advocatuur. Pim van Rossenberg ist &hellip;","og_url":"https:\/\/vrlaw.nl\/de\/team\/w-m-van-rossenberg\/","og_site_name":"Van Rossenberg Advocatuur","article_modified_time":"2023-01-03T12:06:41+00:00","twitter_card":"summary_large_image","twitter_misc":{"Gesch\u00e4tzte Lesezeit":"1\u00a0Minute"},"schema":{"@context":"https:\/\/schema.org","@graph":[{"@type":"WebPage","@id":"https:\/\/vrlaw.nl\/de\/team\/w-m-van-rossenberg\/","url":"https:\/\/vrlaw.nl\/de\/team\/w-m-van-rossenberg\/","name":"W.M. van Rossenberg - Van Rossenberg Advocatuur","isPartOf":{"@id":"https:\/\/vrlaw.nl\/de\/#website"},"datePublished":"2020-09-20T13:33:30+00:00","dateModified":"2023-01-03T12:06:41+00:00","breadcrumb":{"@id":"https:\/\/vrlaw.nl\/de\/team\/w-m-van-rossenberg\/#breadcrumb"},"inLanguage":"de","potentialAction":[{"@type":"ReadAction","target":["https:\/\/vrlaw.nl\/de\/team\/w-m-van-rossenberg\/"]}]},{"@type":"BreadcrumbList","@id":"https:\/\/vrlaw.nl\/de\/team\/w-m-van-rossenberg\/#breadcrumb","itemListElement":[{"@type":"ListItem","position":1,"name":"Home","item":"https:\/\/vrlaw.nl\/de\/"},{"@type":"ListItem","position":2,"name":"Team","item":"https:\/\/vrlaw.nl\/de\/team\/"},{"@type":"ListItem","position":3,"name":"W.M. van Rossenberg"}]},{"@type":"WebSite","@id":"https:\/\/vrlaw.nl\/de\/#website","url":"https:\/\/vrlaw.nl\/de\/","name":"Lumaya","description":"","publisher":{"@id":"https:\/\/vrlaw.nl\/de\/#organization"},"potentialAction":[{"@type":"SearchAction","target":{"@type":"EntryPoint","urlTemplate":"https:\/\/vrlaw.nl\/de\/?s={search_term_string}"},"query-input":{"@type":"PropertyValueSpecification","valueRequired":true,"valueName":"search_term_string"}}],"inLanguage":"de"},{"@type":"Organization","@id":"https:\/\/vrlaw.nl\/de\/#organization","name":"Lumaya","url":"https:\/\/vrlaw.nl\/de\/","logo":{"@type":"ImageObject","inLanguage":"de","@id":"https:\/\/vrlaw.nl\/de\/#\/schema\/logo\/image\/","url":"https:\/\/vrlaw.nl\/wp-content\/uploads\/2023\/01\/Logo-Van-Rossenberg.png","contentUrl":"https:\/\/vrlaw.nl\/wp-content\/uploads\/2023\/01\/Logo-Van-Rossenberg.png","width":200,"height":74,"caption":"Lumaya"},"image":{"@id":"https:\/\/vrlaw.nl\/de\/#\/schema\/logo\/image\/"}}]}},"acf":[],"_links":{"self":[{"href":"https:\/\/vrlaw.nl\/de\/wp-json\/wp\/v2\/pages\/843","targetHints":{"allow":["GET"]}}],"collection":[{"href":"https:\/\/vrlaw.nl\/de\/wp-json\/wp\/v2\/pages"}],"about":[{"href":"https:\/\/vrlaw.nl\/de\/wp-json\/wp\/v2\/types\/page"}],"author":[{"embeddable":true,"href":"https:\/\/vrlaw.nl\/de\/wp-json\/wp\/v2\/users\/1"}],"replies":[{"embeddable":true,"href":"https:\/\/vrlaw.nl\/de\/wp-json\/wp\/v2\/comments?post=843"}],"version-history":[{"count":0,"href":"https:\/\/vrlaw.nl\/de\/wp-json\/wp\/v2\/pages\/843\/revisions"}],"up":[{"embeddable":true,"href":"https:\/\/vrlaw.nl\/de\/wp-json\/wp\/v2\/pages\/834"}],"wp:attachment":[{"href":"https:\/\/vrlaw.nl\/de\/wp-json\/wp\/v2\/media?parent=843"}],"curies":[{"name":"wp","href":"https:\/\/api.w.org\/{rel}","templated":true}]}}