{"id":912,"date":"2020-10-07T14:39:25","date_gmt":"2020-10-07T12:39:25","guid":{"rendered":"http:\/\/vrlaw.nl.greenhostpreview.nl\/?page_id=912"},"modified":"2023-01-03T13:23:44","modified_gmt":"2023-01-03T12:23:44","slug":"beschwerderegelung","status":"publish","type":"page","link":"https:\/\/vrlaw.nl\/de\/beschwerderegelung\/","title":{"rendered":"BESCHWERDEREGELUNG"},"content":{"rendered":"\n<p>Unsere Kanzlei tut alles Erdenkliche, um Ihnen den bestm\u00f6glichen Service zu bieten.<\/p>\n\n\n\n<p>Sollten Sie unverhofft mit einem Aspekt unserer Dienstleistungen unzufrieden sein, bitten wir Sie, Ihre Einw\u00e4nde zun\u00e4chst dem betreffenden Anwalt zu unterbreiten.<\/p>\n\n\n\n<p>In Abstimmung mit Ihnen werden wir versuchen, so schnell wie m\u00f6glich eine L\u00f6sung f\u00fcr das Problem zu finden. Diese L\u00f6sung wird Ihnen immer schriftlich best\u00e4tigt. Wenn Sie mit der Bearbeitung der Beschwerde nicht zufrieden sind, k\u00f6nnen Sie die Beschwerde schriftlich beim Beschwerdebeauftragten einreichen. Die Beschwerderegelung von Van Rossenberg Advocatuur finden Sie nachstehend.<\/p>\n\n\n\n<p><strong>Beschwerderegelung von Van Rossenberg Advocatuur<\/strong><\/p>\n\n\n\n<p><strong>Artikel 1 Begriffsbestimmungen<\/strong><strong><\/strong><\/p>\n\n\n\n<p>In dieser Beschwerderegelung gelten folgende Begriffsbestimmungen:<\/p>\n\n\n\n<p>&#8211; <em>Beschwerde<\/em>: jede schriftliche \u00c4u\u00dferung der Unzufriedenheit durch oder im Namen des Mandanten gegen\u00fcber dem Rechtsanwalt oder<\/p>\n\n\n\n<p>den unter seiner Verantwortung arbeitenden Personen bez\u00fcglich der Erstellung und Ausf\u00fchrung<\/p>\n\n\n\n<p>eines Dienstleistungsvertrages, der Qualit\u00e4t der Dienstleistung oder des Niveaus der<\/p>\n\n\n\n<p>eines Auftragsvertrages, die Qualit\u00e4t der Dienstleistung oder die H\u00f6he der Honorarrechnung, wobei es sich nicht um eine Beschwerde im Sinne von Absatz 4 des (niederl\u00e4ndischen, Anm. d. \u00dcbers.) Anwaltsgesetzes (Advocatenwet) handelt;<\/p>\n\n\n\n<p>&#8211; <em>Beschwerdef\u00fchrer<\/em>: der Mandant oder dessen Vertreter, der eine Beschwerde vorbringt;<\/p>\n\n\n\n<p>&#8211; <em>Beschwerdebeauftragter<\/em>: der mit der Bearbeitung der Beschwerde beauftragte Anwalt;<\/p>\n\n\n\n<p><strong>Artikel 2 Geltungsbereich<\/strong><strong><\/strong><\/p>\n\n\n\n<p>1. Diese Beschwerderegelung gilt f\u00fcr jeden Dienstleistungsvertrag zwischen<\/p>\n\n\n\n<p>\u00a0Van Rossenberg Advocatuur und dem Mandanten.<\/p>\n\n\n\n<p>2. Jeder Anwalt bei Van Rossenberg Advocatuur ist f\u00fcr die Bearbeitung von Beschwerden gem\u00e4\u00df der Beschwerderegelung zust\u00e4ndig.<\/p>\n\n\n\n<p><strong>Artikel 3 Zielsetzungen<\/strong><strong><\/strong><\/p>\n\n\n\n<p>Diese Beschwerderegelung verfolgt folgende Zielsetzung:<\/p>\n\n\n\n<p>a. die Einrichtung eines Verfahrens, damit Beschwerden seitens Mandanten innerhalb einer angemessenen Zeitspanne auf<\/p>\n\n\n\n<p>konstruktive Weise bearbeitet werden;<\/p>\n\n\n\n<p>a. die Einrichtung eines Verfahrens, damit Ursachen von Beschwerden seitens Mandanten festgestellt werden;<\/p>\n\n\n\n<p>c. den Erhalt und die Verbesserung bestehender Beziehungen mittels einer guten Beschwerderegelung;<\/p>\n\n\n\n<p>d. die Mitarbeiter darin zu schulen, kundenorientiert auf Beschwerden zu reagieren.<\/p>\n\n\n\n<p>e. die Verbesserung der Qualit\u00e4t der Dienstleistung mit Hilfe der Beschwerdebearbeitung und<\/p>\n\n\n\n<p>Beschwerdenanalyse.<\/p>\n\n\n\n<p><strong>Artikel 4 Informationen bei Beginn der Dienstleistung<\/strong><strong><\/strong><\/p>\n\n\n\n<p>1. Diese Beschwerderegelung ist \u00fcber die Website \u00f6ffentlich zug\u00e4nglich. Der Rechtsanwalt weist den Mandanten darauf hin, dass die Kanzlei \u00fcber eine Beschwerderegelung verf\u00fcgt und dass diese f\u00fcr die Erbringung von Dienstleistungen gilt.<\/p>\n\n\n\n<p>2. Wenn eine Beschwerde im Sinne von Artikel 1 dieser Beschwerderegelung nicht zur Zufriedenheit des Mandanten gel\u00f6st werden konnte, kann sich der Mandant daf\u00fcr entscheiden, die Beschwerde bei dem zust\u00e4ndigen Gericht in Rotterdam einzureichen.<\/p>\n\n\n\n<p><strong>Artikel 5 internes Beschwerdeverfahren<\/strong><strong><\/strong><\/p>\n\n\n\n<p>1. Wenn ein Mandant mit einer Beschwerde an die Kanzlei herantritt, wird die Beschwerde weitergeleitet, und zwar an<\/p>\n\n\n\n<p>Meester W.M. van Rossenberg, der damit als Beschwerdebeauftragter auftritt. Wenn sich die Beschwerde gegen Meester W.M. van Rossenberg richtet, kann sich der Beschwerdef\u00fchrer wenden an: Meester A.D. Huisman als stellvertretender Beschwerdebeauftragter.<\/p>\n\n\n\n<p>2. Der Beschwerdebeauftragte informiert die Person, auf die sich die Beschwerde bezieht, \u00fcber die Einreichung der Beschwerde und gibt dem Beschwerdef\u00fchrer und der Person, auf die sich die Beschwerde bezieht, Gelegenheit, die Beschwerde zu erl\u00e4utern.<\/p>\n\n\n\n<p>3. Diejenige Person, auf die sich die Beschwerde bezieht, versucht gemeinsam mit dem Mandanten eine L\u00f6sung zu finden. Dies kann vor oder nach der Intervention des Beschwerdebeauftragten erfolgen.<\/p>\n\n\n\n<p>4. Der Beschwerdebeauftragte bearbeitet die Beschwerde innerhalb von vier (4) Wochen nach Eingang der Beschwerde oder informiert den Beschwerdef\u00fchrer \u00fcber jede Abweichung von dieser Frist unter<\/p>\n\n\n\n<p>Angabe der Frist, innerhalb derer dann wohl ein Urteil \u00fcber die Beschwerde gef\u00e4llt werden kann.<\/p>\n\n\n\n<p>5. Der Beschwerdebeauftragte informiert den Beschwerdef\u00fchrer und die Person, auf die sich die Beschwerde bezieht, schriftlich<\/p>\n\n\n\n<p>\u00fcber das Urteil hinsichtlich der Begr\u00fcndetheit der Beschwerde, unabh\u00e4ngig davon, ob es von Empfehlungen begleitet wird oder nicht.<\/p>\n\n\n\n<p>6. Wenn die Beschwerde zur Zufriedenheit bearbeitet wurde, unterzeichnen der Beschwerdef\u00fchrer, der Beschwerdebeauftragte und die Person, auf die sich die Beschwerde bezieht, das Urteil zur Begr\u00fcndetheit der Beschwerde.<\/p>\n\n\n\n<p><strong>Artikel 6 Vertraulichkeit und kostenfreie Bearbeitung von Beschwerden<\/strong><strong><\/strong><\/p>\n\n\n\n<p>1. Der Beschwerdebeauftragte und die Person, auf die sich die Beschwerde bezieht, lassen bei der Bearbeitung der Beschwerde<\/p>\n\n\n\n<p>Vertraulichkeit walten.<\/p>\n\n\n\n<p>2. Der Beschwerdef\u00fchrer hat kein Honorar f\u00fcr die Kosten der Bearbeitung der Beschwerde zu entrichten.<\/p>\n\n\n\n<p><strong>Artikel 7 Verantwortung<\/strong><strong><\/strong><\/p>\n\n\n\n<p>1. Der Beschwerdebeauftragte ist f\u00fcr die rechtzeitige Bearbeitung der Beschwerde verantwortlich.<\/p>\n\n\n\n<p>2. Diejenige Person, auf die sich die Beschwerde bezieht, h\u00e4lt den Beschwerdebeauftragten \u00fcber einen m\u00f6glichen Kontakt und eine m\u00f6gliche L\u00f6sung auf dem Laufenden.<\/p>\n\n\n\n<p>3. Der Beschwerdebeauftragte h\u00e4lt den Beschwerdef\u00fchrer \u00fcber die Bearbeitung der Beschwerde auf dem Laufenden.<\/p>\n\n\n\n<p>4. Der Beschwerdebeauftragte h\u00e4lt die Beschwerdeakte auf dem neuesten Stand.<\/p>\n\n\n\n<p><strong>Artikel 8 Beschwerde-Registrierung<\/strong><strong><\/strong><\/p>\n\n\n\n<p>1. Der Beschwerdebeauftragte registriert die Beschwerde zusammen mit dem Gegenstand der Beschwerde.<\/p>\n\n\n\n<p>2. Eine Beschwerde kann in mehrere Themenbereiche eingeteilt werden.<\/p>\n\n\n\n<p><a href=\"Tel.:%20+31102053640\"><strong>+31 (0) 10 \u2013 205 36 40<\/strong><\/a><strong>&nbsp;<\/strong><a href=\"mailto:info@vrlaw.nl\"><strong>info@vrlaw.nl<\/strong><\/a><strong><\/strong><\/p>\n\n\n","protected":false},"excerpt":{"rendered":"<p>Unsere Kanzlei tut alles Erdenkliche, um Ihnen den bestm\u00f6glichen Service zu bieten. Sollten Sie unverhofft mit einem Aspekt unserer Dienstleistungen unzufrieden sein, bitten wir Sie, Ihre Einw\u00e4nde zun\u00e4chst dem betreffenden Anwalt zu unterbreiten. In Abstimmung mit Ihnen werden wir versuchen, so schnell wie m\u00f6glich eine L\u00f6sung f\u00fcr das Problem zu finden. Diese L\u00f6sung wird Ihnen &hellip;<\/p>\n","protected":false},"author":3,"featured_media":0,"parent":0,"menu_order":0,"comment_status":"closed","ping_status":"closed","template":"","meta":{"_acf_changed":false,"_genesis_hide_title":false,"_genesis_hide_breadcrumbs":false,"_genesis_hide_singular_image":false,"_genesis_hide_footer_widgets":false,"_genesis_custom_body_class":"","_genesis_custom_post_class":"","_genesis_layout":"","footnotes":""},"class_list":{"1":"page","2":"type-page","5":"entry"},"yoast_head":"<!-- This site is optimized with the Yoast SEO plugin v27.1.1 - https:\/\/yoast.com\/product\/yoast-seo-wordpress\/ -->\n<title>BESCHWERDEREGELUNG - Van Rossenberg Advocatuur<\/title>\n<meta name=\"robots\" content=\"index, follow, max-snippet:-1, max-image-preview:large, max-video-preview:-1\" \/>\n<link rel=\"canonical\" href=\"https:\/\/vrlaw.nl\/de\/beschwerderegelung\/\" \/>\n<meta property=\"og:locale\" content=\"de_DE\" \/>\n<meta property=\"og:type\" content=\"article\" \/>\n<meta property=\"og:title\" content=\"BESCHWERDEREGELUNG - Van Rossenberg Advocatuur\" \/>\n<meta property=\"og:description\" content=\"Unsere Kanzlei tut alles Erdenkliche, um Ihnen den bestm\u00f6glichen Service zu bieten. Sollten Sie unverhofft mit einem Aspekt unserer Dienstleistungen unzufrieden sein, bitten wir Sie, Ihre Einw\u00e4nde zun\u00e4chst dem betreffenden Anwalt zu unterbreiten. In Abstimmung mit Ihnen werden wir versuchen, so schnell wie m\u00f6glich eine L\u00f6sung f\u00fcr das Problem zu finden. Diese L\u00f6sung wird Ihnen &hellip;\" \/>\n<meta property=\"og:url\" content=\"https:\/\/vrlaw.nl\/de\/beschwerderegelung\/\" \/>\n<meta property=\"og:site_name\" content=\"Van Rossenberg Advocatuur\" \/>\n<meta property=\"article:modified_time\" content=\"2023-01-03T12:23:44+00:00\" \/>\n<meta name=\"twitter:card\" content=\"summary_large_image\" \/>\n<meta name=\"twitter:label1\" content=\"Gesch\u00e4tzte Lesezeit\" \/>\n\t<meta name=\"twitter:data1\" content=\"4\u00a0Minuten\" \/>\n<script type=\"application\/ld+json\" class=\"yoast-schema-graph\">{\"@context\":\"https:\/\/schema.org\",\"@graph\":[{\"@type\":\"WebPage\",\"@id\":\"https:\/\/vrlaw.nl\/de\/beschwerderegelung\/\",\"url\":\"https:\/\/vrlaw.nl\/de\/beschwerderegelung\/\",\"name\":\"BESCHWERDEREGELUNG - Van Rossenberg Advocatuur\",\"isPartOf\":{\"@id\":\"https:\/\/vrlaw.nl\/de\/#website\"},\"datePublished\":\"2020-10-07T12:39:25+00:00\",\"dateModified\":\"2023-01-03T12:23:44+00:00\",\"breadcrumb\":{\"@id\":\"https:\/\/vrlaw.nl\/de\/beschwerderegelung\/#breadcrumb\"},\"inLanguage\":\"de\",\"potentialAction\":[{\"@type\":\"ReadAction\",\"target\":[\"https:\/\/vrlaw.nl\/de\/beschwerderegelung\/\"]}]},{\"@type\":\"BreadcrumbList\",\"@id\":\"https:\/\/vrlaw.nl\/de\/beschwerderegelung\/#breadcrumb\",\"itemListElement\":[{\"@type\":\"ListItem\",\"position\":1,\"name\":\"Home\",\"item\":\"https:\/\/vrlaw.nl\/de\/\"},{\"@type\":\"ListItem\",\"position\":2,\"name\":\"BESCHWERDEREGELUNG\"}]},{\"@type\":\"WebSite\",\"@id\":\"https:\/\/vrlaw.nl\/de\/#website\",\"url\":\"https:\/\/vrlaw.nl\/de\/\",\"name\":\"Lumaya\",\"description\":\"\",\"publisher\":{\"@id\":\"https:\/\/vrlaw.nl\/de\/#organization\"},\"potentialAction\":[{\"@type\":\"SearchAction\",\"target\":{\"@type\":\"EntryPoint\",\"urlTemplate\":\"https:\/\/vrlaw.nl\/de\/?s={search_term_string}\"},\"query-input\":{\"@type\":\"PropertyValueSpecification\",\"valueRequired\":true,\"valueName\":\"search_term_string\"}}],\"inLanguage\":\"de\"},{\"@type\":\"Organization\",\"@id\":\"https:\/\/vrlaw.nl\/de\/#organization\",\"name\":\"Lumaya\",\"url\":\"https:\/\/vrlaw.nl\/de\/\",\"logo\":{\"@type\":\"ImageObject\",\"inLanguage\":\"de\",\"@id\":\"https:\/\/vrlaw.nl\/de\/#\/schema\/logo\/image\/\",\"url\":\"https:\/\/vrlaw.nl\/wp-content\/uploads\/2023\/01\/Logo-Van-Rossenberg.png\",\"contentUrl\":\"https:\/\/vrlaw.nl\/wp-content\/uploads\/2023\/01\/Logo-Van-Rossenberg.png\",\"width\":200,\"height\":74,\"caption\":\"Lumaya\"},\"image\":{\"@id\":\"https:\/\/vrlaw.nl\/de\/#\/schema\/logo\/image\/\"}}]}<\/script>\n<!-- \/ Yoast SEO plugin. -->","yoast_head_json":{"title":"BESCHWERDEREGELUNG - Van Rossenberg Advocatuur","robots":{"index":"index","follow":"follow","max-snippet":"max-snippet:-1","max-image-preview":"max-image-preview:large","max-video-preview":"max-video-preview:-1"},"canonical":"https:\/\/vrlaw.nl\/de\/beschwerderegelung\/","og_locale":"de_DE","og_type":"article","og_title":"BESCHWERDEREGELUNG - Van Rossenberg Advocatuur","og_description":"Unsere Kanzlei tut alles Erdenkliche, um Ihnen den bestm\u00f6glichen Service zu bieten. Sollten Sie unverhofft mit einem Aspekt unserer Dienstleistungen unzufrieden sein, bitten wir Sie, Ihre Einw\u00e4nde zun\u00e4chst dem betreffenden Anwalt zu unterbreiten. In Abstimmung mit Ihnen werden wir versuchen, so schnell wie m\u00f6glich eine L\u00f6sung f\u00fcr das Problem zu finden. Diese L\u00f6sung wird Ihnen &hellip;","og_url":"https:\/\/vrlaw.nl\/de\/beschwerderegelung\/","og_site_name":"Van Rossenberg Advocatuur","article_modified_time":"2023-01-03T12:23:44+00:00","twitter_card":"summary_large_image","twitter_misc":{"Gesch\u00e4tzte Lesezeit":"4\u00a0Minuten"},"schema":{"@context":"https:\/\/schema.org","@graph":[{"@type":"WebPage","@id":"https:\/\/vrlaw.nl\/de\/beschwerderegelung\/","url":"https:\/\/vrlaw.nl\/de\/beschwerderegelung\/","name":"BESCHWERDEREGELUNG - Van Rossenberg Advocatuur","isPartOf":{"@id":"https:\/\/vrlaw.nl\/de\/#website"},"datePublished":"2020-10-07T12:39:25+00:00","dateModified":"2023-01-03T12:23:44+00:00","breadcrumb":{"@id":"https:\/\/vrlaw.nl\/de\/beschwerderegelung\/#breadcrumb"},"inLanguage":"de","potentialAction":[{"@type":"ReadAction","target":["https:\/\/vrlaw.nl\/de\/beschwerderegelung\/"]}]},{"@type":"BreadcrumbList","@id":"https:\/\/vrlaw.nl\/de\/beschwerderegelung\/#breadcrumb","itemListElement":[{"@type":"ListItem","position":1,"name":"Home","item":"https:\/\/vrlaw.nl\/de\/"},{"@type":"ListItem","position":2,"name":"BESCHWERDEREGELUNG"}]},{"@type":"WebSite","@id":"https:\/\/vrlaw.nl\/de\/#website","url":"https:\/\/vrlaw.nl\/de\/","name":"Lumaya","description":"","publisher":{"@id":"https:\/\/vrlaw.nl\/de\/#organization"},"potentialAction":[{"@type":"SearchAction","target":{"@type":"EntryPoint","urlTemplate":"https:\/\/vrlaw.nl\/de\/?s={search_term_string}"},"query-input":{"@type":"PropertyValueSpecification","valueRequired":true,"valueName":"search_term_string"}}],"inLanguage":"de"},{"@type":"Organization","@id":"https:\/\/vrlaw.nl\/de\/#organization","name":"Lumaya","url":"https:\/\/vrlaw.nl\/de\/","logo":{"@type":"ImageObject","inLanguage":"de","@id":"https:\/\/vrlaw.nl\/de\/#\/schema\/logo\/image\/","url":"https:\/\/vrlaw.nl\/wp-content\/uploads\/2023\/01\/Logo-Van-Rossenberg.png","contentUrl":"https:\/\/vrlaw.nl\/wp-content\/uploads\/2023\/01\/Logo-Van-Rossenberg.png","width":200,"height":74,"caption":"Lumaya"},"image":{"@id":"https:\/\/vrlaw.nl\/de\/#\/schema\/logo\/image\/"}}]}},"acf":[],"_links":{"self":[{"href":"https:\/\/vrlaw.nl\/de\/wp-json\/wp\/v2\/pages\/912","targetHints":{"allow":["GET"]}}],"collection":[{"href":"https:\/\/vrlaw.nl\/de\/wp-json\/wp\/v2\/pages"}],"about":[{"href":"https:\/\/vrlaw.nl\/de\/wp-json\/wp\/v2\/types\/page"}],"author":[{"embeddable":true,"href":"https:\/\/vrlaw.nl\/de\/wp-json\/wp\/v2\/users\/3"}],"replies":[{"embeddable":true,"href":"https:\/\/vrlaw.nl\/de\/wp-json\/wp\/v2\/comments?post=912"}],"version-history":[{"count":0,"href":"https:\/\/vrlaw.nl\/de\/wp-json\/wp\/v2\/pages\/912\/revisions"}],"wp:attachment":[{"href":"https:\/\/vrlaw.nl\/de\/wp-json\/wp\/v2\/media?parent=912"}],"curies":[{"name":"wp","href":"https:\/\/api.w.org\/{rel}","templated":true}]}}