{"id":929,"date":"2020-10-14T15:57:26","date_gmt":"2020-10-14T13:57:26","guid":{"rendered":"https:\/\/vrlaw.nl\/?page_id=929"},"modified":"2020-10-14T15:57:28","modified_gmt":"2020-10-14T13:57:28","slug":"datenschutz","status":"publish","type":"page","link":"https:\/\/vrlaw.nl\/de\/datenschutz\/","title":{"rendered":"Datenschutz"},"content":{"rendered":"\n<p>Wir sind uns dessen bewusst, dass Sie Ihr Vertrauen in uns setzen. Wir sehen es daher als unsere Verantwortung an, Ihre Privatsph\u00e4re zu sch\u00fctzen. Auf dieser Seite informieren wir Sie dar\u00fcber, welche Informationen wir erfassen, wenn Sie unsere Website nutzen, warum wir diese Daten erfassen und wie wir auf diese Weise Ihre Benutzererfahrung verbessern. So verstehen Sie voll und ganz, wie wir arbeiten.<\/p>\n\n\n\n<p>Diese Datenschutzgrunds\u00e4tze gelten f\u00fcr die Dienstleistungen der Kanzlei van Rossenberg advocaten. Ihnen muss dabei bewusst sein, dass die Kanzlei van Rossenberg advocaten nicht f\u00fcr die Datenschutzgrunds\u00e4tze anderer Websites und Quellen verantwortlich ist. Mit der Nutzung dieser Website erkl\u00e4ren Sie sich mit den Datenschutzgrunds\u00e4tzen einverstanden.<\/p>\n\n\n\n<p>Die Kanzlei van Rossenberg advocaten respektiert die Privatsph\u00e4re aller Benutzer ihrer Website und sorgt daf\u00fcr, dass die von Ihnen \u00fcbermittelten personenbezogenen Daten vertraulich behandelt werden.<\/p>\n\n\n\n<p><strong>UNSERE VERWENDUNG VON ERFASSTEN DATEN<\/strong><strong><\/strong><\/p>\n\n\n\n<p><strong>NUTZUNG UNSERER DIENSTLEISTUNGEN<\/strong><strong><\/strong><\/p>\n\n\n\n<p>Wenn Sie sich f\u00fcr eine unserer Dienstleistungen anmelden, bitten wir Sie, personenbezogene oder firmenbezogene Daten vorzulegen. Diese Daten werden zur Durchf\u00fchrung der Dienstleistung verwendet. Die Daten werden auf den eigenen gesicherten Servern der Kanzlei van Rossenberg Advocaten oder auf denen einer Drittpartei gespeichert. Wir werden diese Informationen nicht mit anderen personenbezogenen Daten, \u00fcber die wir verf\u00fcgen, kombinieren.<\/p>\n\n\n\n<p><strong>KOMMUNIKATION<\/strong><strong><\/strong><\/p>\n\n\n\n<p>Wenn Sie uns eine E-Mail oder andere Nachrichten senden, kann es sein, dass wir diese Mitteilungen aufbewahren. Manchmal werden wir Sie um Ihre personenbezogenen Daten bitten, die f\u00fcr die betreffende Situation relevant sind. Dadurch ist es m\u00f6glich, Ihre Fragen zu bearbeiten und Ihre Anfragen zu beantworten. Die Daten werden auf den eigenen gesicherten Servern der Kanzlei van Rossenberg Advocaten oder auf denen einer Drittpartei gespeichert. Wir werden diese Informationen nicht mit anderen personenbezogenen Daten, \u00fcber die wir verf\u00fcgen, kombinieren.<\/p>\n\n\n\n<p><strong>COOKIES<\/strong><strong><\/strong><\/p>\n\n\n\n<p>Wir erfassen Daten zu Untersuchungszwecken, um so einen besseren Einblick in unsere Mandanten zu erhalten, dies mit dem Ziel, unsere Dienstleistungen entsprechend abstimmen zu k\u00f6nnen.<\/p>\n\n\n\n<p>Diese Website verwendet &#8222;Cookies&#8220;, (das sind Textdateien, die auf Ihrem Computer platziert werden), um der Website bei der Analyse zu helfen, wie Benutzer die Website nutzen. Die durch die Cookies generierten Informationen \u00fcber Ihre Nutzung der Website kann auf die eigenen gesicherten Server der Kanzlei van Rossenberg Advocaten oder auf die einer Drittpartei transportiert werden. Wir verwenden diese Informationen, um zu verfolgen, wie Sie die Website nutzen, um Berichte \u00fcber die Website-Aktivit\u00e4t zu erstellen und um andere Dienstleistungen im Zusammenhang mit der Website-Aktivit\u00e4t und der Internet-Nutzung anzubieten.<\/p>\n\n\n\n<p><strong>ZWECKE<\/strong><strong><\/strong><\/p>\n\n\n\n<p>Wir erfassen oder verwenden Informationen nicht zu anderen als den in diesen Datenschutzgrunds\u00e4tzen beschriebenen Zwecken, es sei denn, wir haben im Vorfeld Ihre diesbez\u00fcgliche Zustimmung erhalten.<\/p>\n\n\n\n<p><strong>DRITTPARTEIEN<\/strong><strong><\/strong><\/p>\n\n\n\n<p>Die Informationen werden nicht mit Drittparteien geteilt. In Einzelf\u00e4llen k\u00f6nnen die Informationen intern ausgetauscht werden. Unsere Mitarbeiter sind verpflichtet, die Vertraulichkeit Ihrer Daten zu respektieren.<br>Ver\u00e4nderungen<br>Diese Datenschutzerkl\u00e4rung ist auf die Nutzung dieser Website und die von ihr gebotenen M\u00f6glichkeiten abtgestimmt. Etwaige Modifikationen und\/oder \u00c4nderungen an dieser Website k\u00f6nnen zu \u00c4nderungen in dieser Datenschutzerkl\u00e4rung f\u00fchren. Es ist daher ratsam, diese Datenschutzerkl\u00e4rung regelm\u00e4\u00dfig durchzulesen.<\/p>\n\n\n\n<p><strong>DEAKTIVIERUNG VON COOKIES<\/strong><strong><\/strong><\/p>\n\n\n\n<p>Die meisten Browser sind standardm\u00e4\u00dfig so eingestellt, dass sie Cookies akzeptieren. Sie k\u00f6nnen jedoch Ihren Browser so einstellen, dass er alle Cookies ablehnt oder anzeigt, wenn ein Cookie gesendet wird. Es kann jedoch auch sein, dass einige Funktionen und Dienste auf unserer und anderen Websites nicht richtig funktionieren, wenn Cookies in Ihrem Browser deaktiviert sind.Die Kanzlei van Rossenberg advocaten verwendet Cookies und Scripte. Weiteren Informationen dazu finden Sie in unserer\u00a0<a href=\"http:\/\/www.vrlaw.nl\/cookieverklaring\">Cookie-Erkl\u00e4rung<\/a>.<\/p>\n","protected":false},"excerpt":{"rendered":"<p>Wir sind uns dessen bewusst, dass Sie Ihr Vertrauen in uns setzen. Wir sehen es daher als unsere Verantwortung an, Ihre Privatsph\u00e4re zu sch\u00fctzen. Auf dieser Seite informieren wir Sie dar\u00fcber, welche Informationen wir erfassen, wenn Sie unsere Website nutzen, warum wir diese Daten erfassen und wie wir auf diese Weise Ihre Benutzererfahrung verbessern. So &hellip;<\/p>\n","protected":false},"author":1,"featured_media":0,"parent":0,"menu_order":0,"comment_status":"closed","ping_status":"open","template":"","meta":{"_acf_changed":false,"_genesis_hide_title":false,"_genesis_hide_breadcrumbs":false,"_genesis_hide_singular_image":false,"_genesis_hide_footer_widgets":false,"_genesis_custom_body_class":"","_genesis_custom_post_class":"","_genesis_layout":"","footnotes":""},"class_list":{"1":"page","2":"type-page","5":"entry"},"yoast_head":"<!-- This site is optimized with the Yoast SEO plugin v27.1.1 - https:\/\/yoast.com\/product\/yoast-seo-wordpress\/ -->\n<title>Datenschutz - Van Rossenberg Advocatuur<\/title>\n<meta name=\"robots\" content=\"index, follow, max-snippet:-1, max-image-preview:large, max-video-preview:-1\" \/>\n<link rel=\"canonical\" href=\"https:\/\/vrlaw.nl\/de\/datenschutz\/\" \/>\n<meta property=\"og:locale\" content=\"de_DE\" \/>\n<meta property=\"og:type\" content=\"article\" \/>\n<meta property=\"og:title\" content=\"Datenschutz - Van Rossenberg Advocatuur\" \/>\n<meta property=\"og:description\" content=\"Wir sind uns dessen bewusst, dass Sie Ihr Vertrauen in uns setzen. Wir sehen es daher als unsere Verantwortung an, Ihre Privatsph\u00e4re zu sch\u00fctzen. Auf dieser Seite informieren wir Sie dar\u00fcber, welche Informationen wir erfassen, wenn Sie unsere Website nutzen, warum wir diese Daten erfassen und wie wir auf diese Weise Ihre Benutzererfahrung verbessern. So &hellip;\" \/>\n<meta property=\"og:url\" content=\"https:\/\/vrlaw.nl\/de\/datenschutz\/\" \/>\n<meta property=\"og:site_name\" content=\"Van Rossenberg Advocatuur\" \/>\n<meta property=\"article:modified_time\" content=\"2020-10-14T13:57:28+00:00\" \/>\n<meta name=\"twitter:card\" content=\"summary_large_image\" \/>\n<meta name=\"twitter:label1\" content=\"Gesch\u00e4tzte Lesezeit\" \/>\n\t<meta name=\"twitter:data1\" content=\"3\u00a0Minuten\" \/>\n<script type=\"application\/ld+json\" class=\"yoast-schema-graph\">{\"@context\":\"https:\/\/schema.org\",\"@graph\":[{\"@type\":\"WebPage\",\"@id\":\"https:\/\/vrlaw.nl\/de\/datenschutz\/\",\"url\":\"https:\/\/vrlaw.nl\/de\/datenschutz\/\",\"name\":\"Datenschutz - Van Rossenberg Advocatuur\",\"isPartOf\":{\"@id\":\"https:\/\/vrlaw.nl\/de\/#website\"},\"datePublished\":\"2020-10-14T13:57:26+00:00\",\"dateModified\":\"2020-10-14T13:57:28+00:00\",\"breadcrumb\":{\"@id\":\"https:\/\/vrlaw.nl\/de\/datenschutz\/#breadcrumb\"},\"inLanguage\":\"de\",\"potentialAction\":[{\"@type\":\"ReadAction\",\"target\":[\"https:\/\/vrlaw.nl\/de\/datenschutz\/\"]}]},{\"@type\":\"BreadcrumbList\",\"@id\":\"https:\/\/vrlaw.nl\/de\/datenschutz\/#breadcrumb\",\"itemListElement\":[{\"@type\":\"ListItem\",\"position\":1,\"name\":\"Home\",\"item\":\"https:\/\/vrlaw.nl\/de\/\"},{\"@type\":\"ListItem\",\"position\":2,\"name\":\"Datenschutz\"}]},{\"@type\":\"WebSite\",\"@id\":\"https:\/\/vrlaw.nl\/de\/#website\",\"url\":\"https:\/\/vrlaw.nl\/de\/\",\"name\":\"Lumaya\",\"description\":\"\",\"publisher\":{\"@id\":\"https:\/\/vrlaw.nl\/de\/#organization\"},\"potentialAction\":[{\"@type\":\"SearchAction\",\"target\":{\"@type\":\"EntryPoint\",\"urlTemplate\":\"https:\/\/vrlaw.nl\/de\/?s={search_term_string}\"},\"query-input\":{\"@type\":\"PropertyValueSpecification\",\"valueRequired\":true,\"valueName\":\"search_term_string\"}}],\"inLanguage\":\"de\"},{\"@type\":\"Organization\",\"@id\":\"https:\/\/vrlaw.nl\/de\/#organization\",\"name\":\"Lumaya\",\"url\":\"https:\/\/vrlaw.nl\/de\/\",\"logo\":{\"@type\":\"ImageObject\",\"inLanguage\":\"de\",\"@id\":\"https:\/\/vrlaw.nl\/de\/#\/schema\/logo\/image\/\",\"url\":\"https:\/\/vrlaw.nl\/wp-content\/uploads\/2023\/01\/Logo-Van-Rossenberg.png\",\"contentUrl\":\"https:\/\/vrlaw.nl\/wp-content\/uploads\/2023\/01\/Logo-Van-Rossenberg.png\",\"width\":200,\"height\":74,\"caption\":\"Lumaya\"},\"image\":{\"@id\":\"https:\/\/vrlaw.nl\/de\/#\/schema\/logo\/image\/\"}}]}<\/script>\n<!-- \/ Yoast SEO plugin. -->","yoast_head_json":{"title":"Datenschutz - Van Rossenberg Advocatuur","robots":{"index":"index","follow":"follow","max-snippet":"max-snippet:-1","max-image-preview":"max-image-preview:large","max-video-preview":"max-video-preview:-1"},"canonical":"https:\/\/vrlaw.nl\/de\/datenschutz\/","og_locale":"de_DE","og_type":"article","og_title":"Datenschutz - Van Rossenberg Advocatuur","og_description":"Wir sind uns dessen bewusst, dass Sie Ihr Vertrauen in uns setzen. Wir sehen es daher als unsere Verantwortung an, Ihre Privatsph\u00e4re zu sch\u00fctzen. Auf dieser Seite informieren wir Sie dar\u00fcber, welche Informationen wir erfassen, wenn Sie unsere Website nutzen, warum wir diese Daten erfassen und wie wir auf diese Weise Ihre Benutzererfahrung verbessern. So &hellip;","og_url":"https:\/\/vrlaw.nl\/de\/datenschutz\/","og_site_name":"Van Rossenberg Advocatuur","article_modified_time":"2020-10-14T13:57:28+00:00","twitter_card":"summary_large_image","twitter_misc":{"Gesch\u00e4tzte Lesezeit":"3\u00a0Minuten"},"schema":{"@context":"https:\/\/schema.org","@graph":[{"@type":"WebPage","@id":"https:\/\/vrlaw.nl\/de\/datenschutz\/","url":"https:\/\/vrlaw.nl\/de\/datenschutz\/","name":"Datenschutz - Van Rossenberg Advocatuur","isPartOf":{"@id":"https:\/\/vrlaw.nl\/de\/#website"},"datePublished":"2020-10-14T13:57:26+00:00","dateModified":"2020-10-14T13:57:28+00:00","breadcrumb":{"@id":"https:\/\/vrlaw.nl\/de\/datenschutz\/#breadcrumb"},"inLanguage":"de","potentialAction":[{"@type":"ReadAction","target":["https:\/\/vrlaw.nl\/de\/datenschutz\/"]}]},{"@type":"BreadcrumbList","@id":"https:\/\/vrlaw.nl\/de\/datenschutz\/#breadcrumb","itemListElement":[{"@type":"ListItem","position":1,"name":"Home","item":"https:\/\/vrlaw.nl\/de\/"},{"@type":"ListItem","position":2,"name":"Datenschutz"}]},{"@type":"WebSite","@id":"https:\/\/vrlaw.nl\/de\/#website","url":"https:\/\/vrlaw.nl\/de\/","name":"Lumaya","description":"","publisher":{"@id":"https:\/\/vrlaw.nl\/de\/#organization"},"potentialAction":[{"@type":"SearchAction","target":{"@type":"EntryPoint","urlTemplate":"https:\/\/vrlaw.nl\/de\/?s={search_term_string}"},"query-input":{"@type":"PropertyValueSpecification","valueRequired":true,"valueName":"search_term_string"}}],"inLanguage":"de"},{"@type":"Organization","@id":"https:\/\/vrlaw.nl\/de\/#organization","name":"Lumaya","url":"https:\/\/vrlaw.nl\/de\/","logo":{"@type":"ImageObject","inLanguage":"de","@id":"https:\/\/vrlaw.nl\/de\/#\/schema\/logo\/image\/","url":"https:\/\/vrlaw.nl\/wp-content\/uploads\/2023\/01\/Logo-Van-Rossenberg.png","contentUrl":"https:\/\/vrlaw.nl\/wp-content\/uploads\/2023\/01\/Logo-Van-Rossenberg.png","width":200,"height":74,"caption":"Lumaya"},"image":{"@id":"https:\/\/vrlaw.nl\/de\/#\/schema\/logo\/image\/"}}]}},"acf":[],"_links":{"self":[{"href":"https:\/\/vrlaw.nl\/de\/wp-json\/wp\/v2\/pages\/929","targetHints":{"allow":["GET"]}}],"collection":[{"href":"https:\/\/vrlaw.nl\/de\/wp-json\/wp\/v2\/pages"}],"about":[{"href":"https:\/\/vrlaw.nl\/de\/wp-json\/wp\/v2\/types\/page"}],"author":[{"embeddable":true,"href":"https:\/\/vrlaw.nl\/de\/wp-json\/wp\/v2\/users\/1"}],"replies":[{"embeddable":true,"href":"https:\/\/vrlaw.nl\/de\/wp-json\/wp\/v2\/comments?post=929"}],"version-history":[{"count":0,"href":"https:\/\/vrlaw.nl\/de\/wp-json\/wp\/v2\/pages\/929\/revisions"}],"wp:attachment":[{"href":"https:\/\/vrlaw.nl\/de\/wp-json\/wp\/v2\/media?parent=929"}],"curies":[{"name":"wp","href":"https:\/\/api.w.org\/{rel}","templated":true}]}}